{"id":46,"date":"2013-10-31T20:50:07","date_gmt":"2013-10-31T20:50:07","guid":{"rendered":"http:\/\/pekanizsa.edu.rs\/?page_id=46"},"modified":"2017-11-06T12:57:54","modified_gmt":"2017-11-06T12:57:54","slug":"az-igazgatobizottsag","status":"publish","type":"page","link":"http:\/\/pekanizsa.edu.rs\/?page_id=46","title":{"rendered":"Igazgat\u00f3bizotts\u00e1g"},"content":{"rendered":"<h5>Az igazgat\u00f3 bizotts\u00e1gnak <b>h\u00e9t tagja van<\/b>, akiket a k\u00f6zgy\u0171l\u00e9s v\u00e1laszt meg \u00e9s ment fel.&nbsp;Tagjai az oktat\u00e1si int\u00e9zm\u00e9nyek k\u00e9pvisel\u0151i \u00e9s a Region\u00e1lis&nbsp;szakmai&nbsp;pedag\u00f3gus-tov\u00e1bbk\u00e9pz\u0151 k\u00f6zpont igazgat\u00f3ja.<\/h5>\n<p>N\u00e9v szerint:<\/p>\n<h5>&#8211;&nbsp;<strong>Vajda Attila<\/strong> (Arany J\u00e1nos \u00c1ltal\u00e1nos Iskola, Oromhegyes) &#8211; <em>az Egyes\u00fclet&nbsp;eln\u00f6ke<\/em><\/h5>\n<h5>&#8211;&nbsp;<strong>Varj\u00fa Potrebi\u0107 Tatjana<\/strong>&nbsp;(Region\u00e1lis Szakmai Pedag\u00f3gus-tov\u00e1bbk\u00e9pz\u0151 K\u00f6zpont &#8211; Magyarkanizsa) &#8211;&nbsp;<\/h5>\n<h5><em>az Egyes\u00fclet aleln\u00f6ke<\/em><\/h5>\n<h5>&#8211;&nbsp;<strong>Veselinov Ibolya<\/strong>&nbsp;(Gy\u00f6ngyszemeink Iskol\u00e1skor El\u0151tti Int\u00e9zm\u00e9ny, Magyarkanizsa)&nbsp;&#8211;&nbsp;<em>az Egyes\u00fclet aleln\u00f6ke<\/em><\/h5>\n<h5>&#8211;&nbsp;<strong>Szekeres Valentin<\/strong>&nbsp;(K\u00e1r\u00e1sz Karolina \u00c1ltal\u00e1nos Iskola, Horgos)<\/h5>\n<h5>&#8211;&nbsp;<strong>dr. Sarnyai Zolt\u00e1n<\/strong>&nbsp;(Besz\u00e9des J\u00f3zsef Mez\u0151gazdas\u00e1gi K\u00f6z\u00e9piskolai K\u00f6zpont, Magyarkanizsa)<\/h5>\n<h5>&#8211;&nbsp;<strong>Irina Tomi\u0161i\u0107 Ilki\u0107<\/strong> (Alapfok\u00fa Zeneiskola, Magyarkanizsa)<\/h5>\n<h5>&#8211;&nbsp;<strong>B\u00edr\u00f3 Edit<\/strong> (Jovan Jovanovic Zmaj \u00c1ltal\u00e1nos Iskola, Magyarkanizsa)<\/h5>\n","protected":false},"excerpt":{"rendered":"<p>Az igazgat\u00f3 bizotts\u00e1gnak h\u00e9t tagja van, akiket a k\u00f6zgy\u0171l\u00e9s v\u00e1laszt meg \u00e9s ment fel.&nbsp;Tagjai az oktat\u00e1si int\u00e9zm\u00e9nyek k\u00e9pvisel\u0151i \u00e9s a Region\u00e1lis&nbsp;szakmai&nbsp;pedag\u00f3gus-tov\u00e1bbk\u00e9pz\u0151 k\u00f6zpont igazgat\u00f3ja. N\u00e9v szerint: &#8211;&nbsp;Vajda Attila (Arany J\u00e1nos \u00c1ltal\u00e1nos Iskola, Oromhegyes) &#8211; az Egyes\u00fclet&nbsp;eln\u00f6ke &#8211;&nbsp;Varj\u00fa Potrebi\u0107 Tatjana&nbsp;(Region\u00e1lis Szakmai Pedag\u00f3gus-tov\u00e1bbk\u00e9pz\u0151 K\u00f6zpont &#8211; Magyarkanizsa) &#8211;&nbsp; az Egyes\u00fclet aleln\u00f6ke &#8211;&nbsp;Veselinov Ibolya&nbsp;(Gy\u00f6ngyszemeink Iskol\u00e1skor El\u0151tti Int\u00e9zm\u00e9ny, Magyarkanizsa)&nbsp;&#8211;&nbsp;az Egyes\u00fclet aleln\u00f6ke &hellip; <\/p>\n<p><a class=\"more-link btn\" href=\"http:\/\/pekanizsa.edu.rs\/?page_id=46\">Olvass tov\u00e1bb<\/a><\/p>\n","protected":false},"author":1,"featured_media":0,"parent":11,"menu_order":320,"comment_status":"open","ping_status":"open","template":"","meta":{"ngg_post_thumbnail":0,"_links_to":"","_links_to_target":""},"_links":{"self":[{"href":"http:\/\/pekanizsa.edu.rs\/index.php?rest_route=\/wp\/v2\/pages\/46"}],"collection":[{"href":"http:\/\/pekanizsa.edu.rs\/index.php?rest_route=\/wp\/v2\/pages"}],"about":[{"href":"http:\/\/pekanizsa.edu.rs\/index.php?rest_route=\/wp\/v2\/types\/page"}],"author":[{"embeddable":true,"href":"http:\/\/pekanizsa.edu.rs\/index.php?rest_route=\/wp\/v2\/users\/1"}],"replies":[{"embeddable":true,"href":"http:\/\/pekanizsa.edu.rs\/index.php?rest_route=%2Fwp%2Fv2%2Fcomments&post=46"}],"version-history":[{"count":10,"href":"http:\/\/pekanizsa.edu.rs\/index.php?rest_route=\/wp\/v2\/pages\/46\/revisions"}],"predecessor-version":[{"id":1091,"href":"http:\/\/pekanizsa.edu.rs\/index.php?rest_route=\/wp\/v2\/pages\/46\/revisions\/1091"}],"up":[{"embeddable":true,"href":"http:\/\/pekanizsa.edu.rs\/index.php?rest_route=\/wp\/v2\/pages\/11"}],"wp:attachment":[{"href":"http:\/\/pekanizsa.edu.rs\/index.php?rest_route=%2Fwp%2Fv2%2Fmedia&parent=46"}],"curies":[{"name":"wp","href":"https:\/\/api.w.org\/{rel}","templated":true}]}}