{"id":48,"date":"2013-10-31T20:50:36","date_gmt":"2013-10-31T20:50:36","guid":{"rendered":"http:\/\/pekanizsa.edu.rs\/?page_id=48"},"modified":"2013-11-13T17:08:33","modified_gmt":"2013-11-13T17:08:33","slug":"a-felugyelo-bizottsag","status":"publish","type":"page","link":"http:\/\/pekanizsa.edu.rs\/?page_id=48","title":{"rendered":"Fel\u00fcgyel\u0151 bizotts\u00e1g"},"content":{"rendered":"<h5>A fel\u00fcgyel\u0151 bizotts\u00e1gnak <strong>h\u00e1rom tagja<\/strong> van, akiket a K\u00f6zgy\u0171l\u00e9s v\u00e1laszt meg n\u00e9gy\u00e9ves megbizat\u00e1si id\u0151szakra \u00e9s \u00fajrav\u00e1laszthat\u00f3k.<\/h5>\n<p>N\u00e9v szerint:<\/p>\n<h5>&#8211;\u00a0<strong>Fej\u0151s Vajda Be\u00e1ta<\/strong><\/h5>\n<h5>&#8211;\u00a0<strong>Jenei Erzs\u00e9bet<\/strong><\/h5>\n<h5>&#8211;\u00a0<strong>K\u00e1vai Szabolcs<\/strong><\/h5>\n","protected":false},"excerpt":{"rendered":"<p>A fel\u00fcgyel\u0151 bizotts\u00e1gnak h\u00e1rom tagja van, akiket a K\u00f6zgy\u0171l\u00e9s v\u00e1laszt meg n\u00e9gy\u00e9ves megbizat\u00e1si id\u0151szakra \u00e9s \u00fajrav\u00e1laszthat\u00f3k. N\u00e9v szerint: &#8211;\u00a0Fej\u0151s Vajda Be\u00e1ta &#8211;\u00a0Jenei Erzs\u00e9bet &#8211;\u00a0K\u00e1vai Szabolcs<\/p>\n","protected":false},"author":1,"featured_media":0,"parent":11,"menu_order":340,"comment_status":"open","ping_status":"open","template":"","meta":{"ngg_post_thumbnail":0,"_links_to":"","_links_to_target":""},"_links":{"self":[{"href":"http:\/\/pekanizsa.edu.rs\/index.php?rest_route=\/wp\/v2\/pages\/48"}],"collection":[{"href":"http:\/\/pekanizsa.edu.rs\/index.php?rest_route=\/wp\/v2\/pages"}],"about":[{"href":"http:\/\/pekanizsa.edu.rs\/index.php?rest_route=\/wp\/v2\/types\/page"}],"author":[{"embeddable":true,"href":"http:\/\/pekanizsa.edu.rs\/index.php?rest_route=\/wp\/v2\/users\/1"}],"replies":[{"embeddable":true,"href":"http:\/\/pekanizsa.edu.rs\/index.php?rest_route=%2Fwp%2Fv2%2Fcomments&post=48"}],"version-history":[{"count":5,"href":"http:\/\/pekanizsa.edu.rs\/index.php?rest_route=\/wp\/v2\/pages\/48\/revisions"}],"predecessor-version":[{"id":128,"href":"http:\/\/pekanizsa.edu.rs\/index.php?rest_route=\/wp\/v2\/pages\/48\/revisions\/128"}],"up":[{"embeddable":true,"href":"http:\/\/pekanizsa.edu.rs\/index.php?rest_route=\/wp\/v2\/pages\/11"}],"wp:attachment":[{"href":"http:\/\/pekanizsa.edu.rs\/index.php?rest_route=%2Fwp%2Fv2%2Fmedia&parent=48"}],"curies":[{"name":"wp","href":"https:\/\/api.w.org\/{rel}","templated":true}]}}