{"id":8,"date":"2013-10-30T22:56:32","date_gmt":"2013-10-30T22:56:32","guid":{"rendered":"http:\/\/pekanizsa.edu.rs\/?page_id=8"},"modified":"2014-12-08T09:14:59","modified_gmt":"2014-12-08T09:14:59","slug":"rolunk","status":"publish","type":"page","link":"https:\/\/pekanizsa.edu.rs\/?page_id=8","title":{"rendered":"Az Egyes\u00fcletr\u0151l"},"content":{"rendered":"<h4><strong>Magyarkanizsa<\/strong><b> K\u00f6zs\u00e9g Pedag\u00f3gus Egyes\u00fclete<\/b> oktat\u00e1si \u00e9s nevel\u00e9si c\u00e9lok megval\u00f3s\u00edt\u00e1sa c\u00e9lj\u00e1b\u00f3l 2001. \u00e1prilis 3-\u00e1n, hat\u00e1rozatlan id\u0151re alakul\u00f3 civil \u00e9s nonprofit egyes\u00fclet.<\/h4>\n<p>&nbsp;<\/p>\n<h5>Az <strong>Egyes\u00fclet c\u00e9ljai<\/strong>:<\/h5>\n<h5 style=\"text-align: justify;\">1. Magyarkanizsa K\u00f6zs\u00e9g pedag\u00f3gusainak \u00e9rdekk\u00e9pviselete, az oktat\u00e1s \u00e9s nevel\u00e9s, valamint a m\u0171vel\u0151d\u00e9s \u00e1pol\u00e1sa \u00e9s fejleszt\u00e9se;<\/h5>\n<h5 style=\"text-align: justify;\">2. a pedag\u00f3gusok szakmai tov\u00e1bbk\u00e9pz\u00e9s\u00e9nek \u00a0\u00e9s \u00e1lland\u00f3, folyamatos k\u00e9pz\u00e9s\u00e9nek figyelemmel k\u00eds\u00e9r\u00e9se \u00e9s ezek felt\u00e9teleinek megteremt\u00e9se az al\u00e1bbi tev\u00e9kenys\u00e9geken kereszt\u00fcl:<\/h5>\n<h5 style=\"padding-left: 30px; text-align: justify;\">a) a pedag\u00f3gus-tov\u00e1bbk\u00e9pz\u00e9s tervez\u00e9se \u00e9s kivitelez\u00e9se;<\/h5>\n<h5 style=\"padding-left: 30px; text-align: justify;\">b) szemin\u00e1riumok szervez\u00e9se (szakmai \u00e9s m\u00f3dszertani \u00e9rtekezletek, a tan\u00fcgyi dolgoz\u00f3k \u00e9s int\u00e9zm\u00e9nyeik k\u00f6lcs\u00f6n\u00f6s l\u00e1togat\u00e1sainak \u00e9s egy\u00fcttm\u0171k\u00f6d\u00e9s\u00e9nek megszervez\u00e9se);<\/h5>\n<h5 style=\"text-align: justify;\">3. szakmai \u00e9s egy\u00e9b kiadv\u00e1nyok \u00e9s cikkek megjelentet\u00e9s\u00e9nek kezdem\u00e9nyez\u00e9se, figyelemmel k\u00eds\u00e9r\u00e9se \u00e9s anyagi t\u00e1mogat\u00e1s ny\u00fajt\u00e1sa;<\/h5>\n<h5 style=\"text-align: justify;\">4. az anyanyelv\u0171 oktat\u00e1s anyagi h\u00e1tter\u00e9nek er\u0151s\u00edt\u00e9s\u00e9t c\u00e9lz\u00f3 eszk\u00f6zforr\u00e1sok felkutat\u00e1sa (egy\u00fcttm\u0171k\u00f6d\u00e9s alap\u00edtv\u00e1nyokkal \u00e9s m\u00e1s t\u00e1mogat\u00f3kkal, a pedag\u00f3gusok k\u00fcl\u00f6nb\u00f6z\u0151 gazdas\u00e1gi \u00e1gazatokban, szolg\u00e1ltat\u00e1sny\u00fajt\u00e1sban val\u00f3 munkalehet\u0151s\u00e9geinek \u00e1ttekint\u00e9se \u00e9s megszervez\u00e9se);<\/h5>\n<h5 style=\"text-align: justify;\">5. szakirodalom \u00e9s taneszk\u00f6z\u00f6k biztos\u00edt\u00e1sa;<\/h5>\n<h5 style=\"text-align: justify;\">6. \u00e9rtekezletek, tal\u00e1lkoz\u00f3k, munkaakci\u00f3k szervez\u00e9se, valamint a tanul\u00f3k \u00e9s egyetemi hallgat\u00f3k t\u00e9li- \u00e9s ny\u00e1ri sz\u00fcnidej\u00e9nek tartalmass\u00e1 t\u00e9tele;<\/h5>\n<h5 style=\"text-align: justify;\">7. a pedag\u00f3gus-ut\u00e1np\u00f3tl\u00e1sr\u00f3l, a vonatkoz\u00f3 ig\u00e9nyekr\u0151l \u00e9s sz\u00fcks\u00e9gletekekr\u0151l, valamint a rendelkez\u00e9sre \u00e1ll\u00f3 a taneszk\u00f6z\u00f6kr\u0151l nyilv\u00e1ntart\u00e1s vezet\u00e9se \u00e9s mindezek figyelemmel k\u00eds\u00e9r\u00e9se, az oktat\u00f3i-nevel\u0151i munka min\u0151s\u00e9g\u00e9nek \u00e9s hat\u00e9konys\u00e1g\u00e1nak fenntart\u00e1sa \u00e9s fejleszt\u00e9se c\u00e9lj\u00e1b\u00f3l az oktat\u00e1si folyamat minden szintj\u00e9n;<\/h5>\n<h5 style=\"text-align: justify;\">8. d\u00edjak \u00e9s elismer\u00e9sek kioszt\u00e1sa az oktat\u00e1s ter\u00fclet\u00e9n kifejtett munk\u00e1ban megval\u00f3s\u00edtott kimagasl\u00f3 eredm\u00e9nyek\u00e9rt;<\/h5>\n<h5 style=\"text-align: justify;\">9. h\u00e1tr\u00e1nyos helyzet\u0171 tanul\u00f3k \u00e9s egyetemi hallgat\u00f3k anyagi t\u00e1mogat\u00e1sa;<\/h5>\n<h5 style=\"text-align: justify;\">10.\u00a0 az anyanyelv\u00e1pol\u00e1s k\u00fcl\u00f6nb\u00f6z\u0151 form\u00e1inak fejleszt\u00e9se;<\/h5>\n<h5 style=\"text-align: justify;\">11. a tanul\u00f3k \u00e9s egyetemi hallgat\u00f3k tanulm\u00e1nyi eredm\u00e9nyeinek figyelemmel k\u00eds\u00e9r\u00e9se \u00e9s a kiv\u00e9teles teljes\u00edtm\u00e9nyek elismer\u00e9s\u00e9vel kapcsolatos k\u00fcl\u00f6n d\u00edjak kezdem\u00e9nyez\u00e9se \u00e9s kioszt\u00e1sa;<\/h5>\n<h5 style=\"text-align: justify;\">12. a tan\u00fcgyi dolgoz\u00f3k jogainak \u00e9s k\u00f6telezetts\u00e9geinek megval\u00f3s\u00edt\u00e1sa ter\u00e9n ny\u00fajtott jogv\u00e9delem;<\/h5>\n<h5 style=\"text-align: justify;\">13. az Egyes\u00fclet c\u00e9ljainak megval\u00f3s\u00edt\u00e1sa \u00e9rdek\u00e9ben kifejtett egy\u00fcttm\u0171k\u00f6d\u00e9s m\u00e1s int\u00e9zm\u00e9nyekkel, \u00e1llami szervekkel \u00e9s egy\u00e9nekkel.<\/h5>\n","protected":false},"excerpt":{"rendered":"<p>Magyarkanizsa K\u00f6zs\u00e9g Pedag\u00f3gus Egyes\u00fclete oktat\u00e1si \u00e9s nevel\u00e9si c\u00e9lok megval\u00f3s\u00edt\u00e1sa c\u00e9lj\u00e1b\u00f3l 2001. \u00e1prilis 3-\u00e1n, hat\u00e1rozatlan id\u0151re alakul\u00f3 civil \u00e9s nonprofit egyes\u00fclet. &nbsp; Az Egyes\u00fclet c\u00e9ljai: 1. Magyarkanizsa K\u00f6zs\u00e9g pedag\u00f3gusainak \u00e9rdekk\u00e9pviselete, az oktat\u00e1s \u00e9s nevel\u00e9s, valamint a m\u0171vel\u0151d\u00e9s \u00e1pol\u00e1sa \u00e9s fejleszt\u00e9se; 2. a pedag\u00f3gusok szakmai tov\u00e1bbk\u00e9pz\u00e9s\u00e9nek \u00a0\u00e9s \u00e1lland\u00f3, folyamatos k\u00e9pz\u00e9s\u00e9nek figyelemmel k\u00eds\u00e9r\u00e9se \u00e9s ezek felt\u00e9teleinek megteremt\u00e9se az &hellip; <\/p>\n<p><a class=\"more-link btn\" href=\"https:\/\/pekanizsa.edu.rs\/?page_id=8\">Olvass tov\u00e1bb<\/a><\/p>\n","protected":false},"author":1,"featured_media":0,"parent":0,"menu_order":200,"comment_status":"open","ping_status":"closed","template":"","meta":{"ngg_post_thumbnail":0,"_links_to":"","_links_to_target":""},"_links":{"self":[{"href":"https:\/\/pekanizsa.edu.rs\/index.php?rest_route=\/wp\/v2\/pages\/8"}],"collection":[{"href":"https:\/\/pekanizsa.edu.rs\/index.php?rest_route=\/wp\/v2\/pages"}],"about":[{"href":"https:\/\/pekanizsa.edu.rs\/index.php?rest_route=\/wp\/v2\/types\/page"}],"author":[{"embeddable":true,"href":"https:\/\/pekanizsa.edu.rs\/index.php?rest_route=\/wp\/v2\/users\/1"}],"replies":[{"embeddable":true,"href":"https:\/\/pekanizsa.edu.rs\/index.php?rest_route=%2Fwp%2Fv2%2Fcomments&post=8"}],"version-history":[{"count":7,"href":"https:\/\/pekanizsa.edu.rs\/index.php?rest_route=\/wp\/v2\/pages\/8\/revisions"}],"predecessor-version":[{"id":557,"href":"https:\/\/pekanizsa.edu.rs\/index.php?rest_route=\/wp\/v2\/pages\/8\/revisions\/557"}],"wp:attachment":[{"href":"https:\/\/pekanizsa.edu.rs\/index.php?rest_route=%2Fwp%2Fv2%2Fmedia&parent=8"}],"curies":[{"name":"wp","href":"https:\/\/api.w.org\/{rel}","templated":true}]}}